{"id":978,"date":"2024-09-19T14:43:16","date_gmt":"2024-09-19T12:43:16","guid":{"rendered":"https:\/\/montsejour.com\/?page_id=978"},"modified":"2024-09-22T20:35:31","modified_gmt":"2024-09-22T18:35:31","slug":"tarbes","status":"publish","type":"page","link":"https:\/\/montsejour.com\/en\/reservation\/tarbes\/","title":{"rendered":"R\u00e9servez votre s\u00e9jour \u00e0 Tarbes"},"content":{"rendered":"<div data-elementor-type=\"wp-page\" data-elementor-id=\"978\" class=\"elementor elementor-978\">\n\t\t\t\t\t\t<section class=\"elementor-section elementor-top-section elementor-element elementor-element-1b96353 elementor-section-full_width elementor-section-height-default elementor-section-height-default\" data-id=\"1b96353\" data-element_type=\"section\">\n\t\t\t\t\t\t<div class=\"elementor-container elementor-column-gap-default\">\n\t\t\t\t\t<div class=\"elementor-column elementor-col-100 elementor-top-column elementor-element elementor-element-cf6ef1e\" data-id=\"cf6ef1e\" data-element_type=\"column\">\n\t\t\t<div class=\"elementor-widget-wrap\">\n\t\t\t\t\t\t\t<\/div>\n\t\t<\/div>\n\t\t\t\t\t<\/div>\n\t\t<\/section>\n\t\t\t\t<section class=\"elementor-section elementor-top-section elementor-element elementor-element-f925ff2 elementor-section-boxed elementor-section-height-default elementor-section-height-default\" data-id=\"f925ff2\" data-element_type=\"section\" data-settings=\"{&quot;background_background&quot;:&quot;classic&quot;}\">\n\t\t\t\t\t\t\t<div class=\"elementor-background-overlay\"><\/div>\n\t\t\t\t\t\t\t<div class=\"elementor-container elementor-column-gap-default\">\n\t\t\t\t\t<div class=\"elementor-column elementor-col-100 elementor-top-column elementor-element elementor-element-1abae6c\" data-id=\"1abae6c\" data-element_type=\"column\">\n\t\t\t<div class=\"elementor-widget-wrap elementor-element-populated\">\n\t\t\t\t\t\t<div class=\"elementor-element elementor-element-72a2c52 elementor-widget elementor-widget-spacer\" data-id=\"72a2c52\" data-element_type=\"widget\" data-widget_type=\"spacer.default\">\n\t\t\t\t<div class=\"elementor-widget-container\">\n\t\t\t\t\t\t\t<div class=\"elementor-spacer\">\n\t\t\t<div class=\"elementor-spacer-inner\"><\/div>\n\t\t<\/div>\n\t\t\t\t\t\t<\/div>\n\t\t\t\t<\/div>\n\t\t\t\t\t<\/div>\n\t\t<\/div>\n\t\t\t\t\t<\/div>\n\t\t<\/section>\n\t\t\t\t<section class=\"elementor-section elementor-top-section elementor-element elementor-element-f97ef6c elementor-section-full_width elementor-section-height-default elementor-section-height-default\" data-id=\"f97ef6c\" data-element_type=\"section\">\n\t\t\t\t\t\t<div class=\"elementor-container elementor-column-gap-default\">\n\t\t\t\t\t<div class=\"elementor-column elementor-col-100 elementor-top-column elementor-element elementor-element-85c0e9b\" data-id=\"85c0e9b\" data-element_type=\"column\">\n\t\t\t<div class=\"elementor-widget-wrap elementor-element-populated\">\n\t\t\t\t\t\t<div class=\"elementor-element elementor-element-e2111f3 elementor-widget elementor-widget-html\" data-id=\"e2111f3\" data-element_type=\"widget\" data-widget_type=\"html.default\">\n\t\t\t\t<div class=\"elementor-widget-container\">\n\t\t\t\t\t<iframe\n\tid=\"bookingengine\"\n\tstyle=\"display: block\"\n\tsrc=\"\"\n\twidth=\"100%\"\n\theight=\"5500\"\n\tframeborder=\"0\"\n\tscrolling=\"no\"\n\tallowfullscreen=\"allowfullscreen\"\n><\/iframe>\n<script>\n\tconst webKey = 'Xi44SwFWR7kKHT25ruDELr1HN';\n\tconst urlParams = new URLSearchParams(window.location.search);\n\tconst apartment = urlParams.get('appart') || null;\n\tconst checkInDate = urlParams.get('checkin') || null;\n\tconst checkOutDate = urlParams.get('checkout') || null;\n\tconst numberOfAdults = urlParams.get('adults') || null;\n\tconst numberOfChildren = urlParams.get('children') || null;\n\tconst language = urlParams.get('lang') || 'fr';\n\tconst group = urlParams.get('groups') || 'TARBES';\n\n\tfunction getBaseUrl() {\n\t\treturn apartment\n\t\t\t? `https:\/\/app.superhote.com\/#\/rental\/${apartment}`\n\t\t\t: `https:\/\/app.superhote.com\/#\/get-available-rentals\/${webKey}`;\n\t}\n\n\tfunction getIframeUrl() {\n\t\tconst url = getBaseUrl();\n\n\t\tconst urlParameters = {\n\t\t\tstartDate: checkInDate,\n\t\t\tendDate: checkOutDate,\n\t\t\tadultsNumber: numberOfAdults,\n\t\t\tchildrenNumber: numberOfChildren,\n\t\t\tlang: language,\n\t\t\tgroups: group,\n\t\t};\n\n\t\tconst params = Object.entries(urlParameters)\n\t\t\t.filter(([key, value]) => value)\n\t\t\t.map(([key, value]) => `${key}=${value}`)\n\t\t\t.join('&');\n\n\t\tconsole.log(`${url}?${params}`);\n\n\t\treturn `${url}?${params}`;\n\t}\n\n\tdocument.getElementById('bookingengine').src = getIframeUrl();\n<\/script>\t\t\t\t<\/div>\n\t\t\t\t<\/div>\n\t\t\t\t\t<\/div>\n\t\t<\/div>\n\t\t\t\t\t<\/div>\n\t\t<\/section>\n\t\t\t\t<\/div>","protected":false},"excerpt":{"rendered":"<p>R\u00e9servez votre prochain s\u00e9jour \u00e0 Tarbes V\u00e9rifiez sans tarder la disponibilit\u00e9 de nos logements<\/p>","protected":false},"author":1,"featured_media":1041,"parent":696,"menu_order":0,"comment_status":"closed","ping_status":"closed","template":"","meta":{"inline_featured_image":false,"footnotes":""},"class_list":["post-978","page","type-page","status-publish","has-post-thumbnail","hentry"],"_links":{"self":[{"href":"https:\/\/montsejour.com\/en\/wp-json\/wp\/v2\/pages\/978","targetHints":{"allow":["GET"]}}],"collection":[{"href":"https:\/\/montsejour.com\/en\/wp-json\/wp\/v2\/pages"}],"about":[{"href":"https:\/\/montsejour.com\/en\/wp-json\/wp\/v2\/types\/page"}],"author":[{"embeddable":true,"href":"https:\/\/montsejour.com\/en\/wp-json\/wp\/v2\/users\/1"}],"replies":[{"embeddable":true,"href":"https:\/\/montsejour.com\/en\/wp-json\/wp\/v2\/comments?post=978"}],"version-history":[{"count":16,"href":"https:\/\/montsejour.com\/en\/wp-json\/wp\/v2\/pages\/978\/revisions"}],"predecessor-version":[{"id":1055,"href":"https:\/\/montsejour.com\/en\/wp-json\/wp\/v2\/pages\/978\/revisions\/1055"}],"up":[{"embeddable":true,"href":"https:\/\/montsejour.com\/en\/wp-json\/wp\/v2\/pages\/696"}],"wp:featuredmedia":[{"embeddable":true,"href":"https:\/\/montsejour.com\/en\/wp-json\/wp\/v2\/media\/1041"}],"wp:attachment":[{"href":"https:\/\/montsejour.com\/en\/wp-json\/wp\/v2\/media?parent=978"}],"curies":[{"name":"wp","href":"https:\/\/api.w.org\/{rel}","templated":true}]}}