{"id":897,"date":"2023-05-11T13:28:42","date_gmt":"2023-05-11T11:28:42","guid":{"rendered":"https:\/\/montsejour.com\/?page_id=897"},"modified":"2023-05-11T13:29:53","modified_gmt":"2023-05-11T11:29:53","slug":"ac-guide2","status":"publish","type":"page","link":"https:\/\/montsejour.com\/en\/ac-guide2\/","title":{"rendered":"Acc\u00e8s Guide Carcassonne"},"content":{"rendered":"<div data-elementor-type=\"wp-page\" data-elementor-id=\"897\" class=\"elementor elementor-897\">\n\t\t\t\t<div class=\"elementor-element elementor-element-3bf7241 e-flex e-con-boxed e-con e-parent\" data-id=\"3bf7241\" data-element_type=\"container\" data-settings=\"{&quot;background_background&quot;:&quot;classic&quot;}\">\n\t\t\t\t\t<div class=\"e-con-inner\">\n\t\t<div class=\"elementor-element elementor-element-35ae8cb e-con-full e-flex e-con e-parent\" data-id=\"35ae8cb\" data-element_type=\"container\">\n\t\t\t\t<div class=\"elementor-element elementor-element-783c64e elementor-widget__width-initial elementor-widget-mobile__width-initial elementor-widget elementor-widget-heading\" data-id=\"783c64e\" data-element_type=\"widget\" data-widget_type=\"heading.default\">\n\t\t\t\t<div class=\"elementor-widget-container\">\n\t\t\t\t\t<h1 class=\"elementor-heading-title elementor-size-default\">Access to the Welcome Guide<\/h1>\t\t\t\t<\/div>\n\t\t\t\t<\/div>\n\t\t\t\t<div class=\"elementor-element elementor-element-24d9c90 elementor-widget__width-inherit elementor-widget elementor-widget-image\" data-id=\"24d9c90\" data-element_type=\"widget\" data-widget_type=\"image.default\">\n\t\t\t\t<div class=\"elementor-widget-container\">\n\t\t\t\t\t\t\t\t\t\t\t\t\t\t\t<img fetchpriority=\"high\" decoding=\"async\" width=\"800\" height=\"144\" src=\"https:\/\/montsejour.com\/wp-content\/uploads\/2023\/04\/montsejour-couleur-1024x184.png\" class=\"attachment-large size-large wp-image-789\" alt=\"\" srcset=\"https:\/\/montsejour.com\/wp-content\/uploads\/2023\/04\/montsejour-couleur-1024x184.png 1024w, https:\/\/montsejour.com\/wp-content\/uploads\/2023\/04\/montsejour-couleur-300x54.png 300w, https:\/\/montsejour.com\/wp-content\/uploads\/2023\/04\/montsejour-couleur-768x138.png 768w, https:\/\/montsejour.com\/wp-content\/uploads\/2023\/04\/montsejour-couleur-18x3.png 18w, https:\/\/montsejour.com\/wp-content\/uploads\/2023\/04\/montsejour-couleur.png 1479w\" sizes=\"(max-width: 800px) 100vw, 800px\" \/>\t\t\t\t\t\t\t\t\t\t\t\t\t\t\t<\/div>\n\t\t\t\t<\/div>\n\t\t\t\t<div class=\"elementor-element elementor-element-bbec55e elementor-widget__width-initial elementor-widget-mobile__width-initial elementor-widget elementor-widget-shortcode\" data-id=\"bbec55e\" data-element_type=\"widget\" data-widget_type=\"shortcode.default\">\n\t\t\t\t<div class=\"elementor-widget-container\">\n\t\t\t\t\t\t\t<div class=\"elementor-shortcode\"><div class=\"trp_language_switcher_shortcode\">\n<div class=\"trp-language-switcher trp-language-switcher-container\" data-no-translation>\n    <div class=\"trp-ls-shortcode-current-language\">\n        <a href=\"#\" class=\"trp-ls-shortcode-disabled-language trp-ls-disabled-language\" title=\"English\" onclick=\"event.preventDefault()\">\n\t\t\t<img decoding=\"async\" class=\"trp-flag-image\" src=\"https:\/\/montsejour.com\/wp-content\/plugins\/translatepress-multilingual\/assets\/images\/flags\/en_GB.png\" width=\"18\" height=\"12\" alt=\"en_GB\" title=\"English\"> \t\t<\/a>\n    <\/div>\n    <div class=\"trp-ls-shortcode-language\">\n                <a href=\"#\" class=\"trp-ls-shortcode-disabled-language trp-ls-disabled-language\"  title=\"English\" onclick=\"event.preventDefault()\">\n\t\t\t<img decoding=\"async\" class=\"trp-flag-image\" src=\"https:\/\/montsejour.com\/wp-content\/plugins\/translatepress-multilingual\/assets\/images\/flags\/en_GB.png\" width=\"18\" height=\"12\" alt=\"en_GB\" title=\"English\"> \t\t<\/a>\n                    <a href=\"https:\/\/montsejour.com\/en\/wp-json\/wp\/v2\/pages\/897\" title=\"French\">\n            <img decoding=\"async\" class=\"trp-flag-image\" src=\"https:\/\/montsejour.com\/wp-content\/plugins\/translatepress-multilingual\/assets\/images\/flags\/fr_FR.png\" width=\"18\" height=\"12\" alt=\"fr_FR\" title=\"French\">         <\/a>\n\n        <\/div>\n    <script type=\"application\/javascript\">\n        \/\/ need to have the same with set from JS on both divs. Otherwise it can push stuff around in HTML\n        var trp_ls_shortcodes = document.querySelectorAll('.trp_language_switcher_shortcode .trp-language-switcher');\n        if ( trp_ls_shortcodes.length > 0) {\n            \/\/ get the last language switcher added\n            var trp_el = trp_ls_shortcodes[trp_ls_shortcodes.length - 1];\n\n            var trp_shortcode_language_item = trp_el.querySelector( '.trp-ls-shortcode-language' )\n            \/\/ set width\n            var trp_ls_shortcode_width                                               = trp_shortcode_language_item.offsetWidth + 16;\n            trp_shortcode_language_item.style.width                                  = trp_ls_shortcode_width + 'px';\n            trp_el.querySelector( '.trp-ls-shortcode-current-language' ).style.width = trp_ls_shortcode_width + 'px';\n\n            \/\/ We're putting this on display: none after we have its width.\n            trp_shortcode_language_item.style.display = 'none';\n        }\n    <\/script>\n<\/div>\n<\/div><\/div>\n\t\t\t\t\t\t<\/div>\n\t\t\t\t<\/div>\n\t\t\t\t<div class=\"elementor-element elementor-element-2427fbc elementor-widget__width-initial elementor-widget elementor-widget-text-editor\" data-id=\"2427fbc\" data-element_type=\"widget\" data-widget_type=\"text-editor.default\">\n\t\t\t\t<div class=\"elementor-widget-container\">\n\t\t\t\t\t\t\t\t\t<p>MontS\u00e9jour 2<\/p>\t\t\t\t\t\t\t\t<\/div>\n\t\t\t\t<\/div>\n\t\t\t\t<\/div>\n\t\t\t\t\t<\/div>\n\t\t\t\t<\/div>\n\t\t\t\t<section class=\"elementor-section elementor-top-section elementor-element elementor-element-db73372 elementor-section-height-min-height elementor-section-boxed elementor-section-height-default elementor-section-items-middle\" data-id=\"db73372\" data-element_type=\"section\" data-settings=\"{&quot;background_background&quot;:&quot;classic&quot;}\">\n\t\t\t\t\t\t<div class=\"elementor-container elementor-column-gap-default\">\n\t\t\t\t\t<div class=\"elementor-column elementor-col-100 elementor-top-column elementor-element elementor-element-fa6592c\" data-id=\"fa6592c\" data-element_type=\"column\">\n\t\t\t<div class=\"elementor-widget-wrap elementor-element-populated\">\n\t\t\t\t\t\t<div class=\"elementor-element elementor-element-0549984 elementor-widget__width-initial elementor-position-top elementor-view-default elementor-mobile-position-top elementor-widget elementor-widget-icon-box\" data-id=\"0549984\" data-element_type=\"widget\" data-widget_type=\"icon-box.default\">\n\t\t\t\t<div class=\"elementor-widget-container\">\n\t\t\t\t\t\t\t<div class=\"elementor-icon-box-wrapper\">\n\n\t\t\t\t\t\t<div class=\"elementor-icon-box-icon\">\n\t\t\t\t<span  class=\"elementor-icon\">\n\t\t\t\t<svg xmlns=\"http:\/\/www.w3.org\/2000\/svg\" width=\"800px\" height=\"800px\" viewbox=\"0 0 24 24\" fill=\"none\"><path d=\"M7 7.13193V6.61204C7 4.46614 7 3.3932 7.6896 2.79511C8.37919 2.19703 9.44136 2.34877 11.5657 2.65224L15.8485 3.26408C18.3047 3.61495 19.5327 3.79039 20.2664 4.63628C21 5.48217 21 6.72271 21 9.20377V14.7962C21 17.2773 21 18.5178 20.2664 19.3637C19.5327 20.2096 18.3047 20.385 15.8485 20.7359L11.5657 21.3478C9.44136 21.6512 8.37919 21.803 7.6896 21.2049C7 20.6068 7 19.5339 7 17.388V17.066\" stroke=\"#222222\"><\/path><path d=\"M16 12L16.3904 11.6877L16.6403 12L16.3904 12.3123L16 12ZM4 12.5C3.72386 12.5 3.5 12.2761 3.5 12C3.5 11.7239 3.72386 11.5 4 11.5V12.5ZM12.3904 6.68765L16.3904 11.6877L15.6096 12.3123L11.6096 7.31235L12.3904 6.68765ZM16.3904 12.3123L12.3904 17.3123L11.6096 16.6877L15.6096 11.6877L16.3904 12.3123ZM16 12.5H4V11.5H16V12.5Z\" fill=\"#222222\"><\/path><\/svg>\t\t\t\t<\/span>\n\t\t\t<\/div>\n\t\t\t\n\t\t\t\t\t\t<div class=\"elementor-icon-box-content\">\n\n\t\t\t\t\t\t\t\t\t<h3 class=\"elementor-icon-box-title\">\n\t\t\t\t\t\t<span  >\n\t\t\t\t\t\t\tCheck In Instructions\t\t\t\t\t\t<\/span>\n\t\t\t\t\t<\/h3>\n\t\t\t\t\n\t\t\t\t\n\t\t\t<\/div>\n\t\t\t\n\t\t<\/div>\n\t\t\t\t\t\t<\/div>\n\t\t\t\t<\/div>\n\t\t\t\t<div class=\"elementor-element elementor-element-182319c elementor-widget__width-initial elementor-position-top elementor-view-default elementor-mobile-position-top elementor-widget elementor-widget-icon-box\" data-id=\"182319c\" data-element_type=\"widget\" data-widget_type=\"icon-box.default\">\n\t\t\t\t<div class=\"elementor-widget-container\">\n\t\t\t\t\t\t\t<div class=\"elementor-icon-box-wrapper\">\n\n\t\t\t\t\t\t<div class=\"elementor-icon-box-icon\">\n\t\t\t\t<span  class=\"elementor-icon\">\n\t\t\t\t<svg xmlns=\"http:\/\/www.w3.org\/2000\/svg\" width=\"1124.000000pt\" height=\"1124.000000pt\" viewbox=\"0 0 1124.000000 1124.000000\" preserveaspectratio=\"xMidYMid meet\"><metadata>Created by potrace 1.16, written by Peter Selinger 2001-2019<\/metadata><g transform=\"translate(0.000000,1124.000000) scale(0.100000,-0.100000)\" fill=\"#000000\" stroke=\"none\"><path d=\"M5280 10714 c-297 -32 -620 -115 -895 -228 -251 -105 -566 -292 -790 -471 -131 -104 -389 -363 -495 -495 -406 -510 -657 -1143 -700 -1765 -26 -385 -30 -465 -30 -645 1 -1167 399 -2412 1113 -3480 289 -432 575 -779 967 -1171 297 -298 542 -515 852 -756 224 -175 244 -187 312 -191 34 -2 72 1 86 6 32 12 191 130 379 281 474 380 957 860 1321 1315 1036 1294 1571 2863 1480 4341 -29 464 -43 577 -105 825 -90 358 -238 692 -440 995 -139 209 -235 325 -415 505 -180 180 -296 276 -505 415 -431 288 -925 465 -1449 520 -177 18 -512 18 -686 -1z m519 -394 c596 -41 1132 -247 1594 -612 131 -104 351 -324 455 -455 312 -394 513 -858 587 -1351 36 -238 55 -786 36 -1037 -106 -1415 -696 -2741 -1729 -3883 -277 -306 -715 -710 -1036 -956 l-77 -59 -62 49 c-1661 1290 -2643 3003 -2778 4849 -18 253 0 801 36 1037 73 492 275 956 587 1351 102 129 323 349 455 455 452 358 1002 572 1573 611 167 12 200 12 359 1z\"><\/path><path d=\"M5315 9874 c-923 -125 -1698 -776 -1978 -1662 -124 -390 -143 -851 -52 -1252 223 -990 1040 -1730 2046 -1855 161 -20 453 -20 606 0 514 68 977 290 1348 647 412 396 657 877 730 1431 20 154 20 459 0 613 -92 698 -473 1311 -1057 1699 -310 207 -691 344 -1060 384 -132 15 -461 12 -583 -5z m485 -395 c469 -43 907 -247 1235 -574 348 -346 546 -780 586 -1284 39 -479 -124 -992 -438 -1381 -72 -89 -254 -267 -338 -331 -492 -376 -1116 -505 -1704 -353 -750 194 -1315 787 -1466 1538 -62 313 -55 602 25 905 182 692 749 1252 1444 1426 113 29 210 44 356 58 78 8 191 6 300 -4z\"><\/path><\/g><\/svg>\t\t\t\t<\/span>\n\t\t\t<\/div>\n\t\t\t\n\t\t\t\t\t\t<div class=\"elementor-icon-box-content\">\n\n\t\t\t\t\t\t\t\t\t<h3 class=\"elementor-icon-box-title\">\n\t\t\t\t\t\t<span  >\n\t\t\t\t\t\t\tLocation\t\t\t\t\t\t<\/span>\n\t\t\t\t\t<\/h3>\n\t\t\t\t\n\t\t\t\t\n\t\t\t<\/div>\n\t\t\t\n\t\t<\/div>\n\t\t\t\t\t\t<\/div>\n\t\t\t\t<\/div>\n\t\t\t\t<div class=\"elementor-element elementor-element-41cee0b elementor-widget__width-initial elementor-position-top elementor-view-default elementor-mobile-position-top elementor-widget elementor-widget-icon-box\" data-id=\"41cee0b\" data-element_type=\"widget\" data-widget_type=\"icon-box.default\">\n\t\t\t\t<div class=\"elementor-widget-container\">\n\t\t\t\t\t\t\t<div class=\"elementor-icon-box-wrapper\">\n\n\t\t\t\t\t\t<div class=\"elementor-icon-box-icon\">\n\t\t\t\t<span  class=\"elementor-icon\">\n\t\t\t\t<svg xmlns=\"http:\/\/www.w3.org\/2000\/svg\" xmlns:xlink=\"http:\/\/www.w3.org\/1999\/xlink\" id=\"Livello_1\" x=\"0px\" y=\"0px\" viewbox=\"0 0 20 20\" style=\"enable-background:new 0 0 20 20;\" xml:space=\"preserve\"><style type=\"text\/css\">\t.st0{fill:none;stroke:#000000;stroke-linecap:round;stroke-miterlimit:10;}<\/style><g>\t<line class=\"st0\" x1=\"17.8\" y1=\"14.7\" x2=\"2.2\" y2=\"14.7\"><\/line>\t<path class=\"st0\" d=\"M3.6,12.6c0-2.9,2.9-5.2,6.4-5.2s6.4,2.3,6.4,5.2\"><\/path>\t<line class=\"st0\" x1=\"8.7\" y1=\"5.3\" x2=\"11.3\" y2=\"5.3\"><\/line>\t<line class=\"st0\" x1=\"10\" y1=\"7.2\" x2=\"10\" y2=\"5.4\"><\/line><\/g><\/svg>\t\t\t\t<\/span>\n\t\t\t<\/div>\n\t\t\t\n\t\t\t\t\t\t<div class=\"elementor-icon-box-content\">\n\n\t\t\t\t\t\t\t\t\t<h3 class=\"elementor-icon-box-title\">\n\t\t\t\t\t\t<span  >\n\t\t\t\t\t\t\tWi-Fi and contacts\t\t\t\t\t\t<\/span>\n\t\t\t\t\t<\/h3>\n\t\t\t\t\n\t\t\t\t\n\t\t\t<\/div>\n\t\t\t\n\t\t<\/div>\n\t\t\t\t\t\t<\/div>\n\t\t\t\t<\/div>\n\t\t\t\t<div class=\"elementor-element elementor-element-0d93aea elementor-widget__width-initial elementor-position-top elementor-view-default elementor-mobile-position-top elementor-widget elementor-widget-icon-box\" data-id=\"0d93aea\" data-element_type=\"widget\" data-widget_type=\"icon-box.default\">\n\t\t\t\t<div class=\"elementor-widget-container\">\n\t\t\t\t\t\t\t<div class=\"elementor-icon-box-wrapper\">\n\n\t\t\t\t\t\t<div class=\"elementor-icon-box-icon\">\n\t\t\t\t<span  class=\"elementor-icon\">\n\t\t\t\t<svg xmlns=\"http:\/\/www.w3.org\/2000\/svg\" width=\"800px\" height=\"800px\" viewbox=\"0 0 24 24\" fill=\"none\"><path d=\"M2 12L1.60957 11.6877L1.35969 12L1.60957 12.3123L2 12ZM11 12.5C11.2761 12.5 11.5 12.2761 11.5 12C11.5 11.7239 11.2761 11.5 11 11.5V12.5ZM5.60957 6.68765L1.60957 11.6877L2.39043 12.3123L6.39043 7.31235L5.60957 6.68765ZM1.60957 12.3123L5.60957 17.3123L6.39043 16.6877L2.39043 11.6877L1.60957 12.3123ZM2 12.5H11V11.5H2V12.5Z\" fill=\"#222222\"><\/path><path d=\"M10 8.13193V7.38851C10 5.77017 10 4.961 10.474 4.4015C10.9479 3.84201 11.7461 3.70899 13.3424 3.44293L15.0136 3.1644C18.2567 2.62388 19.8782 2.35363 20.9391 3.25232C22 4.15102 22 5.79493 22 9.08276V14.9172C22 18.2051 22 19.849 20.9391 20.7477C19.8782 21.6464 18.2567 21.3761 15.0136 20.8356L13.3424 20.5571C11.7461 20.291 10.9479 20.158 10.474 19.5985C10 19.039 10 18.2298 10 16.6115V16.066\" stroke=\"#222222\"><\/path><\/svg>\t\t\t\t<\/span>\n\t\t\t<\/div>\n\t\t\t\n\t\t\t\t\t\t<div class=\"elementor-icon-box-content\">\n\n\t\t\t\t\t\t\t\t\t<h3 class=\"elementor-icon-box-title\">\n\t\t\t\t\t\t<span  >\n\t\t\t\t\t\t\tCheck out instructions\t\t\t\t\t\t<\/span>\n\t\t\t\t\t<\/h3>\n\t\t\t\t\n\t\t\t\t\n\t\t\t<\/div>\n\t\t\t\n\t\t<\/div>\n\t\t\t\t\t\t<\/div>\n\t\t\t\t<\/div>\n\t\t\t\t\t<\/div>\n\t\t<\/div>\n\t\t\t\t\t<\/div>\n\t\t<\/section>\n\t\t\t\t<section class=\"elementor-section elementor-top-section elementor-element elementor-element-6d24ae4 elementor-section-height-min-height elementor-section-boxed elementor-section-height-default elementor-section-items-middle\" data-id=\"6d24ae4\" data-element_type=\"section\" data-settings=\"{&quot;background_background&quot;:&quot;classic&quot;}\">\n\t\t\t\t\t\t<div class=\"elementor-container elementor-column-gap-default\">\n\t\t\t\t\t<div class=\"elementor-column elementor-col-100 elementor-top-column elementor-element elementor-element-d846ca8\" data-id=\"d846ca8\" data-element_type=\"column\">\n\t\t\t<div class=\"elementor-widget-wrap elementor-element-populated\">\n\t\t\t\t\t\t<div class=\"elementor-element elementor-element-f974d89 elementor-widget elementor-widget-text-editor\" data-id=\"f974d89\" data-element_type=\"widget\" data-widget_type=\"text-editor.default\">\n\t\t\t\t<div class=\"elementor-widget-container\">\n\t\t\t\t\t\t\t\t\t<p class=\"translation-block\">Complete the form below to access our <b>recommendations<\/b> and <b>exclusive offers<\/b>!<\/p>\t\t\t\t\t\t\t\t<\/div>\n\t\t\t\t<\/div>\n\t\t\t\t\t<\/div>\n\t\t<\/div>\n\t\t\t\t\t<\/div>\n\t\t<\/section>\n\t\t\t\t<section class=\"elementor-section elementor-top-section elementor-element elementor-element-d18480a elementor-section-boxed elementor-section-height-default elementor-section-height-default\" data-id=\"d18480a\" data-element_type=\"section\">\n\t\t\t\t\t\t<div class=\"elementor-container elementor-column-gap-default\">\n\t\t\t\t\t<div class=\"elementor-column elementor-col-100 elementor-top-column elementor-element elementor-element-384d3e0\" data-id=\"384d3e0\" data-element_type=\"column\">\n\t\t\t<div class=\"elementor-widget-wrap elementor-element-populated\">\n\t\t\t\t\t\t<div class=\"elementor-element elementor-element-26815b9 elementor-widget elementor-widget-heading\" data-id=\"26815b9\" data-element_type=\"widget\" data-widget_type=\"heading.default\">\n\t\t\t\t<div class=\"elementor-widget-container\">\n\t\t\t\t\t<h3 class=\"elementor-heading-title elementor-size-default\">Powered by<\/h3>\t\t\t\t<\/div>\n\t\t\t\t<\/div>\n\t\t\t\t<div class=\"elementor-element elementor-element-c681fbb elementor-widget elementor-widget-image\" data-id=\"c681fbb\" data-element_type=\"widget\" data-widget_type=\"image.default\">\n\t\t\t\t<div class=\"elementor-widget-container\">\n\t\t\t\t\t\t\t\t\t\t\t\t\t\t\t<img loading=\"lazy\" decoding=\"async\" width=\"800\" height=\"205\" src=\"https:\/\/montsejour.com\/wp-content\/uploads\/2023\/04\/Squarex-1024x263.png\" class=\"attachment-large size-large wp-image-268\" alt=\"\" srcset=\"https:\/\/montsejour.com\/wp-content\/uploads\/2023\/04\/Squarex-1024x263.png 1024w, https:\/\/montsejour.com\/wp-content\/uploads\/2023\/04\/Squarex-300x77.png 300w, https:\/\/montsejour.com\/wp-content\/uploads\/2023\/04\/Squarex-768x197.png 768w, https:\/\/montsejour.com\/wp-content\/uploads\/2023\/04\/Squarex-1536x394.png 1536w, https:\/\/montsejour.com\/wp-content\/uploads\/2023\/04\/Squarex-18x5.png 18w, https:\/\/montsejour.com\/wp-content\/uploads\/2023\/04\/Squarex.png 1609w\" sizes=\"(max-width: 800px) 100vw, 800px\" \/>\t\t\t\t\t\t\t\t\t\t\t\t\t\t\t<\/div>\n\t\t\t\t<\/div>\n\t\t\t\t\t<\/div>\n\t\t<\/div>\n\t\t\t\t\t<\/div>\n\t\t<\/section>\n\t\t\t\t<\/div>","protected":false},"excerpt":{"rendered":"<p>Acc\u00e8s au Guide d&rsquo;accueil MontS\u00e9jour 2 Instructions d&rsquo;arriv\u00e9e Created by potrace 1.16, written by Peter Selinger 2001-2019 Localisation Wi-Fi et contacts Instructions de d\u00e9part Compl\u00e9tez le formulaire ci-dessous pour acc\u00e9der \u00e0 nos recommandations et offres exclusives ! Propuls\u00e9 par<\/p>","protected":false},"author":1,"featured_media":0,"parent":0,"menu_order":0,"comment_status":"closed","ping_status":"closed","template":"elementor_canvas","meta":{"inline_featured_image":false,"footnotes":""},"class_list":["post-897","page","type-page","status-publish","hentry"],"_links":{"self":[{"href":"https:\/\/montsejour.com\/en\/wp-json\/wp\/v2\/pages\/897","targetHints":{"allow":["GET"]}}],"collection":[{"href":"https:\/\/montsejour.com\/en\/wp-json\/wp\/v2\/pages"}],"about":[{"href":"https:\/\/montsejour.com\/en\/wp-json\/wp\/v2\/types\/page"}],"author":[{"embeddable":true,"href":"https:\/\/montsejour.com\/en\/wp-json\/wp\/v2\/users\/1"}],"replies":[{"embeddable":true,"href":"https:\/\/montsejour.com\/en\/wp-json\/wp\/v2\/comments?post=897"}],"version-history":[{"count":4,"href":"https:\/\/montsejour.com\/en\/wp-json\/wp\/v2\/pages\/897\/revisions"}],"predecessor-version":[{"id":901,"href":"https:\/\/montsejour.com\/en\/wp-json\/wp\/v2\/pages\/897\/revisions\/901"}],"wp:attachment":[{"href":"https:\/\/montsejour.com\/en\/wp-json\/wp\/v2\/media?parent=897"}],"curies":[{"name":"wp","href":"https:\/\/api.w.org\/{rel}","templated":true}]}}